{"id":532,"date":"2020-12-16T01:55:00","date_gmt":"2020-12-16T01:55:00","guid":{"rendered":"https:\/\/www.fortna.com\/?page_id=532"},"modified":"2025-04-04T12:55:48","modified_gmt":"2025-04-04T16:55:48","slug":"systems-upgrade","status":"publish","type":"page","link":"https:\/\/www.fortna.com\/de\/services-and-support\/lifecycle-services\/systems-upgrade\/","title":{"rendered":"System Upgrades"},"content":{"rendered":"","protected":false},"excerpt":{"rendered":"","protected":false},"author":30,"featured_media":0,"parent":220,"menu_order":0,"comment_status":"closed","ping_status":"closed","template":"","meta":{"_acf_changed":false,"inline_featured_image":false,"footnotes":""},"class_list":["post-532","page","type-page","status-publish","hentry"],"acf":[],"yoast_head":"<!-- This site is optimized with the Yoast SEO Premium plugin v27.2 (Yoast SEO v27.3) - https:\/\/yoast.com\/product\/yoast-seo-premium-wordpress\/ -->\n<title>Distribution Center System Upgrade and Warehouse Optimization Solutions | FORTNA<\/title>\n<meta name=\"description\" content=\"Minimize risk and empower change in your distribution center with systems, software and security upgrades. Our experts make the process safe and seamless, contact us today.\" \/>\n<meta name=\"robots\" content=\"index, follow, max-snippet:-1, max-image-preview:large, max-video-preview:-1\" \/>\n<link rel=\"canonical\" href=\"https:\/\/www.fortna.com\/de\/services-und-support\/lifecycle-services\/systems-upgrade\/\" \/>\n<meta property=\"og:locale\" content=\"de_DE\" \/>\n<meta property=\"og:type\" content=\"article\" \/>\n<meta property=\"og:title\" content=\"Systems Upgrade\" \/>\n<meta property=\"og:description\" content=\"Minimize risk and empower change in your distribution center with systems, software and security upgrades. Our experts make the process safe and seamless, contact us today.\" \/>\n<meta property=\"og:url\" content=\"https:\/\/www.fortna.com\/de\/services-und-support\/lifecycle-services\/systems-upgrade\/\" \/>\n<meta property=\"og:site_name\" content=\"FORTNA\" \/>\n<meta property=\"article:modified_time\" content=\"2025-04-04T16:55:48+00:00\" \/>\n<meta name=\"twitter:card\" content=\"summary_large_image\" \/>\n<meta name=\"twitter:site\" content=\"@fortnainc\" \/>\n<script type=\"application\/ld+json\" class=\"yoast-schema-graph\">{\"@context\":\"https:\\\/\\\/schema.org\",\"@graph\":[{\"@type\":\"WebPage\",\"@id\":\"https:\\\/\\\/www.fortna.com\\\/services-and-support\\\/lifecycle-services\\\/systems-upgrade\\\/\",\"url\":\"https:\\\/\\\/www.fortna.com\\\/services-and-support\\\/lifecycle-services\\\/systems-upgrade\\\/\",\"name\":\"Distribution Center System Upgrade and Warehouse Optimization Solutions | FORTNA\",\"isPartOf\":{\"@id\":\"https:\\\/\\\/www.fortna.com\\\/#website\"},\"datePublished\":\"2020-12-16T01:55:00+00:00\",\"dateModified\":\"2025-04-04T16:55:48+00:00\",\"description\":\"Minimize risk and empower change in your distribution center with systems, software and security upgrades. Our experts make the process safe and seamless, contact us today.\",\"breadcrumb\":{\"@id\":\"https:\\\/\\\/www.fortna.com\\\/services-and-support\\\/lifecycle-services\\\/systems-upgrade\\\/#breadcrumb\"},\"inLanguage\":\"de-DE\",\"potentialAction\":[{\"@type\":\"ReadAction\",\"target\":[\"https:\\\/\\\/www.fortna.com\\\/services-and-support\\\/lifecycle-services\\\/systems-upgrade\\\/\"]}]},{\"@type\":\"BreadcrumbList\",\"@id\":\"https:\\\/\\\/www.fortna.com\\\/services-and-support\\\/lifecycle-services\\\/systems-upgrade\\\/#breadcrumb\",\"itemListElement\":[{\"@type\":\"ListItem\",\"position\":1,\"name\":\"Home\",\"item\":\"https:\\\/\\\/www.fortna.com\\\/\"},{\"@type\":\"ListItem\",\"position\":2,\"name\":\"Services &#038; Support\",\"item\":\"https:\\\/\\\/www.fortna.com\\\/services-and-support\\\/\"},{\"@type\":\"ListItem\",\"position\":3,\"name\":\"Lifecycle Services\",\"item\":\"https:\\\/\\\/www.fortna.com\\\/services-and-support\\\/lifecycle-services\\\/\"},{\"@type\":\"ListItem\",\"position\":4,\"name\":\"Systems Upgrade\"}]},{\"@type\":\"WebSite\",\"@id\":\"https:\\\/\\\/www.fortna.com\\\/#website\",\"url\":\"https:\\\/\\\/www.fortna.com\\\/\",\"name\":\"FORTNA\",\"description\":\"\",\"publisher\":{\"@id\":\"https:\\\/\\\/www.fortna.com\\\/#organization\"},\"potentialAction\":[{\"@type\":\"SearchAction\",\"target\":{\"@type\":\"EntryPoint\",\"urlTemplate\":\"https:\\\/\\\/www.fortna.com\\\/?s={search_term_string}\"},\"query-input\":{\"@type\":\"PropertyValueSpecification\",\"valueRequired\":true,\"valueName\":\"search_term_string\"}}],\"inLanguage\":\"de-DE\"},{\"@type\":\"Organization\",\"@id\":\"https:\\\/\\\/www.fortna.com\\\/#organization\",\"name\":\"FORTNA\",\"url\":\"https:\\\/\\\/www.fortna.com\\\/\",\"logo\":{\"@type\":\"ImageObject\",\"inLanguage\":\"de-DE\",\"@id\":\"https:\\\/\\\/www.fortna.com\\\/#\\\/schema\\\/logo\\\/image\\\/\",\"url\":\"https:\\\/\\\/www.fortna.com\\\/wp-content\\\/uploads\\\/2021\\\/01\\\/New-Feed-Logo-300x300-White.png\",\"contentUrl\":\"https:\\\/\\\/www.fortna.com\\\/wp-content\\\/uploads\\\/2021\\\/01\\\/New-Feed-Logo-300x300-White.png\",\"width\":1250,\"height\":1250,\"caption\":\"FORTNA\"},\"image\":{\"@id\":\"https:\\\/\\\/www.fortna.com\\\/#\\\/schema\\\/logo\\\/image\\\/\"},\"sameAs\":[\"https:\\\/\\\/x.com\\\/fortnainc\",\"https:\\\/\\\/www.linkedin.com\\\/company\\\/fortna\\\/\",\"https:\\\/\\\/www.youtube.com\\\/channel\\\/UC3Fgi-fv5JS0mgp1uBj398A\"]}]}<\/script>\n<!-- \/ Yoast SEO Premium plugin. -->","yoast_head_json":{"title":"Distribution Center System Upgrade und Lageroptimierungsl\u00f6sungen | FORTNA","description":"Minimieren Sie Risiken und erm\u00f6glichen Sie Ver\u00e4nderungen in Ihrem Distributionszentrum durch System-, Software- und Sicherheitsupgrades. Unsere Experten machen den Prozess sicher und nahtlos, kontaktieren Sie uns noch heute.","robots":{"index":"index","follow":"follow","max-snippet":"max-snippet:-1","max-image-preview":"max-image-preview:large","max-video-preview":"max-video-preview:-1"},"canonical":"https:\/\/www.fortna.com\/de\/services-und-support\/lifecycle-services\/systems-upgrade\/","og_locale":"de_DE","og_type":"article","og_title":"Systems Upgrade","og_description":"Minimize risk and empower change in your distribution center with systems, software and security upgrades. Our experts make the process safe and seamless, contact us today.","og_url":"https:\/\/www.fortna.com\/de\/services-und-support\/lifecycle-services\/systems-upgrade\/","og_site_name":"FORTNA","article_modified_time":"2025-04-04T16:55:48+00:00","twitter_card":"summary_large_image","twitter_site":"@fortnainc","schema":{"@context":"https:\/\/schema.org","@graph":[{"@type":"WebPage","@id":"https:\/\/www.fortna.com\/services-and-support\/lifecycle-services\/systems-upgrade\/","url":"https:\/\/www.fortna.com\/services-and-support\/lifecycle-services\/systems-upgrade\/","name":"Distribution Center System Upgrade und Lageroptimierungsl\u00f6sungen | FORTNA","isPartOf":{"@id":"https:\/\/www.fortna.com\/#website"},"datePublished":"2020-12-16T01:55:00+00:00","dateModified":"2025-04-04T16:55:48+00:00","description":"Minimieren Sie Risiken und erm\u00f6glichen Sie Ver\u00e4nderungen in Ihrem Distributionszentrum durch System-, Software- und Sicherheitsupgrades. Unsere Experten machen den Prozess sicher und nahtlos, kontaktieren Sie uns noch heute.","breadcrumb":{"@id":"https:\/\/www.fortna.com\/services-and-support\/lifecycle-services\/systems-upgrade\/#breadcrumb"},"inLanguage":"de-DE","potentialAction":[{"@type":"ReadAction","target":["https:\/\/www.fortna.com\/services-and-support\/lifecycle-services\/systems-upgrade\/"]}]},{"@type":"BreadcrumbList","@id":"https:\/\/www.fortna.com\/services-and-support\/lifecycle-services\/systems-upgrade\/#breadcrumb","itemListElement":[{"@type":"ListItem","position":1,"name":"Home","item":"https:\/\/www.fortna.com\/"},{"@type":"ListItem","position":2,"name":"Services &#038; Support","item":"https:\/\/www.fortna.com\/services-and-support\/"},{"@type":"ListItem","position":3,"name":"Lifecycle Services","item":"https:\/\/www.fortna.com\/services-and-support\/lifecycle-services\/"},{"@type":"ListItem","position":4,"name":"Systems Upgrade"}]},{"@type":"WebSite","@id":"https:\/\/www.fortna.com\/#website","url":"https:\/\/www.fortna.com\/","name":"FORTNA","description":"","publisher":{"@id":"https:\/\/www.fortna.com\/#organization"},"potentialAction":[{"@type":"SearchAction","target":{"@type":"EntryPoint","urlTemplate":"https:\/\/www.fortna.com\/?s={search_term_string}"},"query-input":{"@type":"PropertyValueSpecification","valueRequired":true,"valueName":"search_term_string"}}],"inLanguage":"de-DE"},{"@type":"Organization","@id":"https:\/\/www.fortna.com\/#organization","name":"FORTNA","url":"https:\/\/www.fortna.com\/","logo":{"@type":"ImageObject","inLanguage":"de-DE","@id":"https:\/\/www.fortna.com\/#\/schema\/logo\/image\/","url":"https:\/\/www.fortna.com\/wp-content\/uploads\/2021\/01\/New-Feed-Logo-300x300-White.png","contentUrl":"https:\/\/www.fortna.com\/wp-content\/uploads\/2021\/01\/New-Feed-Logo-300x300-White.png","width":1250,"height":1250,"caption":"FORTNA"},"image":{"@id":"https:\/\/www.fortna.com\/#\/schema\/logo\/image\/"},"sameAs":["https:\/\/x.com\/fortnainc","https:\/\/www.linkedin.com\/company\/fortna\/","https:\/\/www.youtube.com\/channel\/UC3Fgi-fv5JS0mgp1uBj398A"]}]}},"_links":{"self":[{"href":"https:\/\/www.fortna.com\/de\/wp-json\/wp\/v2\/pages\/532","targetHints":{"allow":["GET"]}}],"collection":[{"href":"https:\/\/www.fortna.com\/de\/wp-json\/wp\/v2\/pages"}],"about":[{"href":"https:\/\/www.fortna.com\/de\/wp-json\/wp\/v2\/types\/page"}],"author":[{"embeddable":true,"href":"https:\/\/www.fortna.com\/de\/wp-json\/wp\/v2\/users\/30"}],"replies":[{"embeddable":true,"href":"https:\/\/www.fortna.com\/de\/wp-json\/wp\/v2\/comments?post=532"}],"version-history":[{"count":0,"href":"https:\/\/www.fortna.com\/de\/wp-json\/wp\/v2\/pages\/532\/revisions"}],"up":[{"embeddable":true,"href":"https:\/\/www.fortna.com\/de\/wp-json\/wp\/v2\/pages\/220"}],"wp:attachment":[{"href":"https:\/\/www.fortna.com\/de\/wp-json\/wp\/v2\/media?parent=532"}],"curies":[{"name":"wp","href":"https:\/\/api.w.org\/{rel}","templated":true}]}}