{"id":4411,"date":"2023-06-27T19:11:47","date_gmt":"2023-06-27T19:11:47","guid":{"rendered":"https:\/\/www.fortna.com\/?page_id=4411"},"modified":"2023-07-27T15:55:25","modified_gmt":"2023-07-27T15:55:25","slug":"frequently-asked-questions","status":"publish","type":"page","link":"https:\/\/www.fortna.com\/de\/frequently-asked-questions\/","title":{"rendered":"H\u00e4ufig gestellte Fragen (FAQ)"},"content":{"rendered":"","protected":false},"excerpt":{"rendered":"","protected":false},"author":13,"featured_media":0,"parent":0,"menu_order":0,"comment_status":"closed","ping_status":"closed","template":"","meta":{"_acf_changed":false,"inline_featured_image":false,"footnotes":""},"class_list":["post-4411","page","type-page","status-publish","hentry"],"acf":[],"yoast_head":"<!-- This site is optimized with the Yoast SEO Premium plugin v27.4 (Yoast SEO v27.5) - https:\/\/yoast.com\/product\/yoast-seo-premium-wordpress\/ -->\n<title>Frequently Asked Questions | FORTNA<\/title>\n<meta name=\"description\" content=\"Listing of frequently asked questions about FORTNA solutions, software and services. We try to anticipate any challenges you might face and answer them below. If none of these answer your question, contact a FORTNA expert today.\" \/>\n<meta name=\"robots\" content=\"index, follow, max-snippet:-1, max-image-preview:large, max-video-preview:-1\" \/>\n<link rel=\"canonical\" href=\"https:\/\/www.fortna.com\/de\/frequently-asked-questions\/\" \/>\n<meta property=\"og:locale\" content=\"de_DE\" \/>\n<meta property=\"og:type\" content=\"article\" \/>\n<meta property=\"og:title\" content=\"Frequently Asked Questions\" \/>\n<meta property=\"og:description\" content=\"Listing of frequently asked questions about FORTNA solutions, software and services. We try to anticipate any challenges you might face and answer them below. If none of these answer your question, contact a FORTNA expert today.\" \/>\n<meta property=\"og:url\" content=\"https:\/\/www.fortna.com\/de\/frequently-asked-questions\/\" \/>\n<meta property=\"og:site_name\" content=\"FORTNA\" \/>\n<meta property=\"article:modified_time\" content=\"2023-07-27T15:55:25+00:00\" \/>\n<meta name=\"twitter:card\" content=\"summary_large_image\" \/>\n<meta name=\"twitter:site\" content=\"@fortnainc\" \/>\n<script type=\"application\/ld+json\" class=\"yoast-schema-graph\">{\"@context\":\"https:\\\/\\\/schema.org\",\"@graph\":[{\"@type\":\"WebPage\",\"@id\":\"https:\\\/\\\/www.fortna.com\\\/frequently-asked-questions\\\/\",\"url\":\"https:\\\/\\\/www.fortna.com\\\/frequently-asked-questions\\\/\",\"name\":\"Frequently Asked Questions | FORTNA\",\"isPartOf\":{\"@id\":\"https:\\\/\\\/www.fortna.com\\\/#website\"},\"datePublished\":\"2023-06-27T19:11:47+00:00\",\"dateModified\":\"2023-07-27T15:55:25+00:00\",\"description\":\"Listing of frequently asked questions about FORTNA solutions, software and services. We try to anticipate any challenges you might face and answer them below. If none of these answer your question, contact a FORTNA expert today.\",\"breadcrumb\":{\"@id\":\"https:\\\/\\\/www.fortna.com\\\/frequently-asked-questions\\\/#breadcrumb\"},\"inLanguage\":\"de-DE\",\"potentialAction\":[{\"@type\":\"ReadAction\",\"target\":[\"https:\\\/\\\/www.fortna.com\\\/frequently-asked-questions\\\/\"]}]},{\"@type\":\"BreadcrumbList\",\"@id\":\"https:\\\/\\\/www.fortna.com\\\/frequently-asked-questions\\\/#breadcrumb\",\"itemListElement\":[{\"@type\":\"ListItem\",\"position\":1,\"name\":\"Home\",\"item\":\"https:\\\/\\\/www.fortna.com\\\/\"},{\"@type\":\"ListItem\",\"position\":2,\"name\":\"Frequently Asked Questions\"}]},{\"@type\":\"WebSite\",\"@id\":\"https:\\\/\\\/www.fortna.com\\\/#website\",\"url\":\"https:\\\/\\\/www.fortna.com\\\/\",\"name\":\"FORTNA\",\"description\":\"\",\"publisher\":{\"@id\":\"https:\\\/\\\/www.fortna.com\\\/#organization\"},\"potentialAction\":[{\"@type\":\"SearchAction\",\"target\":{\"@type\":\"EntryPoint\",\"urlTemplate\":\"https:\\\/\\\/www.fortna.com\\\/?s={search_term_string}\"},\"query-input\":{\"@type\":\"PropertyValueSpecification\",\"valueRequired\":true,\"valueName\":\"search_term_string\"}}],\"inLanguage\":\"de-DE\"},{\"@type\":\"Organization\",\"@id\":\"https:\\\/\\\/www.fortna.com\\\/#organization\",\"name\":\"FORTNA\",\"url\":\"https:\\\/\\\/www.fortna.com\\\/\",\"logo\":{\"@type\":\"ImageObject\",\"inLanguage\":\"de-DE\",\"@id\":\"https:\\\/\\\/www.fortna.com\\\/#\\\/schema\\\/logo\\\/image\\\/\",\"url\":\"https:\\\/\\\/www.fortna.com\\\/wp-content\\\/uploads\\\/2021\\\/01\\\/New-Feed-Logo-300x300-White.png\",\"contentUrl\":\"https:\\\/\\\/www.fortna.com\\\/wp-content\\\/uploads\\\/2021\\\/01\\\/New-Feed-Logo-300x300-White.png\",\"width\":1250,\"height\":1250,\"caption\":\"FORTNA\"},\"image\":{\"@id\":\"https:\\\/\\\/www.fortna.com\\\/#\\\/schema\\\/logo\\\/image\\\/\"},\"sameAs\":[\"https:\\\/\\\/x.com\\\/fortnainc\",\"https:\\\/\\\/www.linkedin.com\\\/company\\\/fortna\\\/\",\"https:\\\/\\\/www.youtube.com\\\/channel\\\/UC3Fgi-fv5JS0mgp1uBj398A\"]}]}<\/script>\n<!-- \/ Yoast SEO Premium plugin. -->","yoast_head_json":{"title":"H\u00e4ufig gestellte Fragen | FORTNA","description":"Auflistung h\u00e4ufig gestellter Fragen zu FORTNA L\u00f6sungen, Software und Dienstleistungen. Wir versuchen, alle Herausforderungen, mit denen Sie konfrontiert werden k\u00f6nnten, zu antizipieren und beantworten sie unten. Wenn keine dieser Antworten Ihre Frage beantwortet, kontaktieren Sie noch heute einen FORTNA-Experten.","robots":{"index":"index","follow":"follow","max-snippet":"max-snippet:-1","max-image-preview":"max-image-preview:large","max-video-preview":"max-video-preview:-1"},"canonical":"https:\/\/www.fortna.com\/de\/frequently-asked-questions\/","og_locale":"de_DE","og_type":"article","og_title":"Frequently Asked Questions","og_description":"Listing of frequently asked questions about FORTNA solutions, software and services. We try to anticipate any challenges you might face and answer them below. If none of these answer your question, contact a FORTNA expert today.","og_url":"https:\/\/www.fortna.com\/de\/frequently-asked-questions\/","og_site_name":"FORTNA","article_modified_time":"2023-07-27T15:55:25+00:00","twitter_card":"summary_large_image","twitter_site":"@fortnainc","schema":{"@context":"https:\/\/schema.org","@graph":[{"@type":"WebPage","@id":"https:\/\/www.fortna.com\/frequently-asked-questions\/","url":"https:\/\/www.fortna.com\/frequently-asked-questions\/","name":"H\u00e4ufig gestellte Fragen | FORTNA","isPartOf":{"@id":"https:\/\/www.fortna.com\/#website"},"datePublished":"2023-06-27T19:11:47+00:00","dateModified":"2023-07-27T15:55:25+00:00","description":"Auflistung h\u00e4ufig gestellter Fragen zu FORTNA L\u00f6sungen, Software und Dienstleistungen. Wir versuchen, alle Herausforderungen, mit denen Sie konfrontiert werden k\u00f6nnten, zu antizipieren und beantworten sie unten. Wenn keine dieser Antworten Ihre Frage beantwortet, kontaktieren Sie noch heute einen FORTNA-Experten.","breadcrumb":{"@id":"https:\/\/www.fortna.com\/frequently-asked-questions\/#breadcrumb"},"inLanguage":"de-DE","potentialAction":[{"@type":"ReadAction","target":["https:\/\/www.fortna.com\/frequently-asked-questions\/"]}]},{"@type":"BreadcrumbList","@id":"https:\/\/www.fortna.com\/frequently-asked-questions\/#breadcrumb","itemListElement":[{"@type":"ListItem","position":1,"name":"Home","item":"https:\/\/www.fortna.com\/"},{"@type":"ListItem","position":2,"name":"Frequently Asked Questions"}]},{"@type":"WebSite","@id":"https:\/\/www.fortna.com\/#website","url":"https:\/\/www.fortna.com\/","name":"FORTNA","description":"","publisher":{"@id":"https:\/\/www.fortna.com\/#organization"},"potentialAction":[{"@type":"SearchAction","target":{"@type":"EntryPoint","urlTemplate":"https:\/\/www.fortna.com\/?s={search_term_string}"},"query-input":{"@type":"PropertyValueSpecification","valueRequired":true,"valueName":"search_term_string"}}],"inLanguage":"de-DE"},{"@type":"Organization","@id":"https:\/\/www.fortna.com\/#organization","name":"FORTNA","url":"https:\/\/www.fortna.com\/","logo":{"@type":"ImageObject","inLanguage":"de-DE","@id":"https:\/\/www.fortna.com\/#\/schema\/logo\/image\/","url":"https:\/\/www.fortna.com\/wp-content\/uploads\/2021\/01\/New-Feed-Logo-300x300-White.png","contentUrl":"https:\/\/www.fortna.com\/wp-content\/uploads\/2021\/01\/New-Feed-Logo-300x300-White.png","width":1250,"height":1250,"caption":"FORTNA"},"image":{"@id":"https:\/\/www.fortna.com\/#\/schema\/logo\/image\/"},"sameAs":["https:\/\/x.com\/fortnainc","https:\/\/www.linkedin.com\/company\/fortna\/","https:\/\/www.youtube.com\/channel\/UC3Fgi-fv5JS0mgp1uBj398A"]}]}},"_links":{"self":[{"href":"https:\/\/www.fortna.com\/de\/wp-json\/wp\/v2\/pages\/4411","targetHints":{"allow":["GET"]}}],"collection":[{"href":"https:\/\/www.fortna.com\/de\/wp-json\/wp\/v2\/pages"}],"about":[{"href":"https:\/\/www.fortna.com\/de\/wp-json\/wp\/v2\/types\/page"}],"author":[{"embeddable":true,"href":"https:\/\/www.fortna.com\/de\/wp-json\/wp\/v2\/users\/13"}],"replies":[{"embeddable":true,"href":"https:\/\/www.fortna.com\/de\/wp-json\/wp\/v2\/comments?post=4411"}],"version-history":[{"count":0,"href":"https:\/\/www.fortna.com\/de\/wp-json\/wp\/v2\/pages\/4411\/revisions"}],"wp:attachment":[{"href":"https:\/\/www.fortna.com\/de\/wp-json\/wp\/v2\/media?parent=4411"}],"curies":[{"name":"wp","href":"https:\/\/api.w.org\/{rel}","templated":true}]}}