{"id":352,"date":"2020-12-15T15:09:54","date_gmt":"2020-12-15T15:09:54","guid":{"rendered":"https:\/\/www.fortna.com\/?page_id=352"},"modified":"2026-02-20T10:44:14","modified_gmt":"2026-02-20T15:44:14","slug":"leadership","status":"publish","type":"page","link":"https:\/\/www.fortna.com\/de\/about\/leadership\/","title":{"rendered":"Management"},"content":{"rendered":"","protected":false},"excerpt":{"rendered":"","protected":false},"author":30,"featured_media":0,"parent":350,"menu_order":4,"comment_status":"closed","ping_status":"closed","template":"","meta":{"_acf_changed":false,"inline_featured_image":false,"footnotes":""},"class_list":["post-352","page","type-page","status-publish","hentry"],"acf":[],"yoast_head":"<!-- This site is optimized with the Yoast SEO Premium plugin v27.4 (Yoast SEO v27.4) - https:\/\/yoast.com\/product\/yoast-seo-premium-wordpress\/ -->\n<title>Our Leadership | Distribution Design-Build Firm | FORTNA<\/title>\n<meta name=\"description\" content=\"Meet the executive leaders of FORTNA: an end-to-end distribution design-build firm solving the most complex challenges with data science and WES software.\" \/>\n<meta name=\"robots\" content=\"index, follow, max-snippet:-1, max-image-preview:large, max-video-preview:-1\" \/>\n<link rel=\"canonical\" href=\"https:\/\/www.fortna.com\/de\/about\/leadership\/\" \/>\n<meta property=\"og:locale\" content=\"de_DE\" \/>\n<meta property=\"og:type\" content=\"article\" \/>\n<meta property=\"og:title\" content=\"Leadership\" \/>\n<meta property=\"og:description\" content=\"Meet the executive leaders of FORTNA: an end-to-end distribution design-build firm solving the most complex challenges with data science and WES software.\" \/>\n<meta property=\"og:url\" content=\"https:\/\/www.fortna.com\/de\/about\/leadership\/\" \/>\n<meta property=\"og:site_name\" content=\"FORTNA\" \/>\n<meta property=\"article:modified_time\" content=\"2026-02-20T15:44:14+00:00\" \/>\n<meta name=\"twitter:card\" content=\"summary_large_image\" \/>\n<meta name=\"twitter:site\" content=\"@fortnainc\" \/>\n<script type=\"application\/ld+json\" class=\"yoast-schema-graph\">{\"@context\":\"https:\\\/\\\/schema.org\",\"@graph\":[{\"@type\":\"WebPage\",\"@id\":\"https:\\\/\\\/www.fortna.com\\\/about\\\/leadership\\\/\",\"url\":\"https:\\\/\\\/www.fortna.com\\\/about\\\/leadership\\\/\",\"name\":\"Our Leadership | Distribution Design-Build Firm | FORTNA\",\"isPartOf\":{\"@id\":\"https:\\\/\\\/www.fortna.com\\\/#website\"},\"datePublished\":\"2020-12-15T15:09:54+00:00\",\"dateModified\":\"2026-02-20T15:44:14+00:00\",\"description\":\"Meet the executive leaders of FORTNA: an end-to-end distribution design-build firm solving the most complex challenges with data science and WES software.\",\"breadcrumb\":{\"@id\":\"https:\\\/\\\/www.fortna.com\\\/about\\\/leadership\\\/#breadcrumb\"},\"inLanguage\":\"de-DE\",\"potentialAction\":[{\"@type\":\"ReadAction\",\"target\":[\"https:\\\/\\\/www.fortna.com\\\/about\\\/leadership\\\/\"]}]},{\"@type\":\"BreadcrumbList\",\"@id\":\"https:\\\/\\\/www.fortna.com\\\/about\\\/leadership\\\/#breadcrumb\",\"itemListElement\":[{\"@type\":\"ListItem\",\"position\":1,\"name\":\"Home\",\"item\":\"https:\\\/\\\/www.fortna.com\\\/\"},{\"@type\":\"ListItem\",\"position\":2,\"name\":\"About\",\"item\":\"https:\\\/\\\/www.fortna.com\\\/about\\\/\"},{\"@type\":\"ListItem\",\"position\":3,\"name\":\"Leadership\"}]},{\"@type\":\"WebSite\",\"@id\":\"https:\\\/\\\/www.fortna.com\\\/#website\",\"url\":\"https:\\\/\\\/www.fortna.com\\\/\",\"name\":\"FORTNA\",\"description\":\"\",\"publisher\":{\"@id\":\"https:\\\/\\\/www.fortna.com\\\/#organization\"},\"potentialAction\":[{\"@type\":\"SearchAction\",\"target\":{\"@type\":\"EntryPoint\",\"urlTemplate\":\"https:\\\/\\\/www.fortna.com\\\/?s={search_term_string}\"},\"query-input\":{\"@type\":\"PropertyValueSpecification\",\"valueRequired\":true,\"valueName\":\"search_term_string\"}}],\"inLanguage\":\"de-DE\"},{\"@type\":\"Organization\",\"@id\":\"https:\\\/\\\/www.fortna.com\\\/#organization\",\"name\":\"FORTNA\",\"url\":\"https:\\\/\\\/www.fortna.com\\\/\",\"logo\":{\"@type\":\"ImageObject\",\"inLanguage\":\"de-DE\",\"@id\":\"https:\\\/\\\/www.fortna.com\\\/#\\\/schema\\\/logo\\\/image\\\/\",\"url\":\"https:\\\/\\\/www.fortna.com\\\/wp-content\\\/uploads\\\/2021\\\/01\\\/New-Feed-Logo-300x300-White.png\",\"contentUrl\":\"https:\\\/\\\/www.fortna.com\\\/wp-content\\\/uploads\\\/2021\\\/01\\\/New-Feed-Logo-300x300-White.png\",\"width\":1250,\"height\":1250,\"caption\":\"FORTNA\"},\"image\":{\"@id\":\"https:\\\/\\\/www.fortna.com\\\/#\\\/schema\\\/logo\\\/image\\\/\"},\"sameAs\":[\"https:\\\/\\\/x.com\\\/fortnainc\",\"https:\\\/\\\/www.linkedin.com\\\/company\\\/fortna\\\/\",\"https:\\\/\\\/www.youtube.com\\\/channel\\\/UC3Fgi-fv5JS0mgp1uBj398A\"]}]}<\/script>\n<!-- \/ Yoast SEO Premium plugin. -->","yoast_head_json":{"title":"Unsere F\u00fchrung | Vertrieb Design-Build Unternehmen | FORTNA","description":"Lernen Sie die F\u00fchrungskr\u00e4fte von FORTNA: kennen, einem Unternehmen, das mit Data Science und WES-Software die komplexesten Herausforderungen im Vertrieb l\u00f6st.","robots":{"index":"index","follow":"follow","max-snippet":"max-snippet:-1","max-image-preview":"max-image-preview:large","max-video-preview":"max-video-preview:-1"},"canonical":"https:\/\/www.fortna.com\/de\/about\/leadership\/","og_locale":"de_DE","og_type":"article","og_title":"Leadership","og_description":"Meet the executive leaders of FORTNA: an end-to-end distribution design-build firm solving the most complex challenges with data science and WES software.","og_url":"https:\/\/www.fortna.com\/de\/about\/leadership\/","og_site_name":"FORTNA","article_modified_time":"2026-02-20T15:44:14+00:00","twitter_card":"summary_large_image","twitter_site":"@fortnainc","schema":{"@context":"https:\/\/schema.org","@graph":[{"@type":"WebPage","@id":"https:\/\/www.fortna.com\/about\/leadership\/","url":"https:\/\/www.fortna.com\/about\/leadership\/","name":"Unsere F\u00fchrung | Vertrieb Design-Build Unternehmen | FORTNA","isPartOf":{"@id":"https:\/\/www.fortna.com\/#website"},"datePublished":"2020-12-15T15:09:54+00:00","dateModified":"2026-02-20T15:44:14+00:00","description":"Lernen Sie die F\u00fchrungskr\u00e4fte von FORTNA: kennen, einem Unternehmen, das mit Data Science und WES-Software die komplexesten Herausforderungen im Vertrieb l\u00f6st.","breadcrumb":{"@id":"https:\/\/www.fortna.com\/about\/leadership\/#breadcrumb"},"inLanguage":"de-DE","potentialAction":[{"@type":"ReadAction","target":["https:\/\/www.fortna.com\/about\/leadership\/"]}]},{"@type":"BreadcrumbList","@id":"https:\/\/www.fortna.com\/about\/leadership\/#breadcrumb","itemListElement":[{"@type":"ListItem","position":1,"name":"Home","item":"https:\/\/www.fortna.com\/"},{"@type":"ListItem","position":2,"name":"About","item":"https:\/\/www.fortna.com\/about\/"},{"@type":"ListItem","position":3,"name":"Leadership"}]},{"@type":"WebSite","@id":"https:\/\/www.fortna.com\/#website","url":"https:\/\/www.fortna.com\/","name":"FORTNA","description":"","publisher":{"@id":"https:\/\/www.fortna.com\/#organization"},"potentialAction":[{"@type":"SearchAction","target":{"@type":"EntryPoint","urlTemplate":"https:\/\/www.fortna.com\/?s={search_term_string}"},"query-input":{"@type":"PropertyValueSpecification","valueRequired":true,"valueName":"search_term_string"}}],"inLanguage":"de-DE"},{"@type":"Organization","@id":"https:\/\/www.fortna.com\/#organization","name":"FORTNA","url":"https:\/\/www.fortna.com\/","logo":{"@type":"ImageObject","inLanguage":"de-DE","@id":"https:\/\/www.fortna.com\/#\/schema\/logo\/image\/","url":"https:\/\/www.fortna.com\/wp-content\/uploads\/2021\/01\/New-Feed-Logo-300x300-White.png","contentUrl":"https:\/\/www.fortna.com\/wp-content\/uploads\/2021\/01\/New-Feed-Logo-300x300-White.png","width":1250,"height":1250,"caption":"FORTNA"},"image":{"@id":"https:\/\/www.fortna.com\/#\/schema\/logo\/image\/"},"sameAs":["https:\/\/x.com\/fortnainc","https:\/\/www.linkedin.com\/company\/fortna\/","https:\/\/www.youtube.com\/channel\/UC3Fgi-fv5JS0mgp1uBj398A"]}]}},"_links":{"self":[{"href":"https:\/\/www.fortna.com\/de\/wp-json\/wp\/v2\/pages\/352","targetHints":{"allow":["GET"]}}],"collection":[{"href":"https:\/\/www.fortna.com\/de\/wp-json\/wp\/v2\/pages"}],"about":[{"href":"https:\/\/www.fortna.com\/de\/wp-json\/wp\/v2\/types\/page"}],"author":[{"embeddable":true,"href":"https:\/\/www.fortna.com\/de\/wp-json\/wp\/v2\/users\/30"}],"replies":[{"embeddable":true,"href":"https:\/\/www.fortna.com\/de\/wp-json\/wp\/v2\/comments?post=352"}],"version-history":[{"count":0,"href":"https:\/\/www.fortna.com\/de\/wp-json\/wp\/v2\/pages\/352\/revisions"}],"up":[{"embeddable":true,"href":"https:\/\/www.fortna.com\/de\/wp-json\/wp\/v2\/pages\/350"}],"wp:attachment":[{"href":"https:\/\/www.fortna.com\/de\/wp-json\/wp\/v2\/media?parent=352"}],"curies":[{"name":"wp","href":"https:\/\/api.w.org\/{rel}","templated":true}]}}